{"id":303,"date":"2024-02-01T17:49:22","date_gmt":"2024-02-01T20:49:22","guid":{"rendered":"https:\/\/tudocomcriancas.com.br\/?page_id=303"},"modified":"2024-02-01T18:10:13","modified_gmt":"2024-02-01T21:10:13","slug":"entre-em-contato","status":"publish","type":"page","link":"https:\/\/tudocomcriancas.com.br\/index.php\/entre-em-contato\/","title":{"rendered":"Fale conosco"},"content":{"rendered":"<div class=\"79cf47ee8c220bc31fa137d270af48ee\" data-index=\"1\" style=\"float: none; margin:10px 0 10px 0; text-align:center;\">\n<script async=\"async\" data-cfasync=\"false\" src=\"\/\/pl22483493.profitablegatecpm.com\/59fdb85ee56921d75c1d4f15db3c9fc0\/invoke.js\"><\/script>\r\n<div id=\"container-59fdb85ee56921d75c1d4f15db3c9fc0\"><\/div>\n<\/div>\n<p>\u00c9 um prazer conversar com voc\u00ea! Utilize o espa\u00e7o abaixo para enviar as suas d\u00favidas, elogios ou sugest\u00f5es. A sua opini\u00e3o \u00e9 muito importante para a melhoria do nosso trabalho.<\/p>\n\n<div class=\"wpcf7 no-js\" id=\"wpcf7-f291-o1\" lang=\"pt-BR\" dir=\"ltr\">\n<div class=\"screen-reader-response\"><p role=\"status\" aria-live=\"polite\" aria-atomic=\"true\"><\/p> <ul><\/ul><\/div>\n<form action=\"\/index.php\/wp-json\/wp\/v2\/pages\/303#wpcf7-f291-o1\" method=\"post\" class=\"wpcf7-form init\" aria-label=\"Formul\u00e1rios de contato\" novalidate=\"novalidate\" data-status=\"init\">\n<div style=\"display: none;\">\n<input type=\"hidden\" name=\"_wpcf7\" value=\"291\" \/>\n<input type=\"hidden\" name=\"_wpcf7_version\" value=\"5.9.8\" \/>\n<input type=\"hidden\" name=\"_wpcf7_locale\" value=\"pt_BR\" \/>\n<input type=\"hidden\" name=\"_wpcf7_unit_tag\" value=\"wpcf7-f291-o1\" \/>\n<input type=\"hidden\" name=\"_wpcf7_container_post\" value=\"0\" \/>\n<input type=\"hidden\" name=\"_wpcf7_posted_data_hash\" value=\"\" \/>\n<\/div>\n<p><label> Seu nome<br \/>\n<span class=\"wpcf7-form-control-wrap\" data-name=\"your-name\"><input size=\"40\" maxlength=\"400\" class=\"wpcf7-form-control wpcf7-text wpcf7-validates-as-required\" autocomplete=\"name\" aria-required=\"true\" aria-invalid=\"false\" value=\"\" type=\"text\" name=\"your-name\" \/><\/span> <\/label>\n<\/p>\n<p><label> Seu e-mail<br \/>\n<span class=\"wpcf7-form-control-wrap\" data-name=\"your-email\"><input size=\"40\" maxlength=\"400\" class=\"wpcf7-form-control wpcf7-email wpcf7-validates-as-required wpcf7-text wpcf7-validates-as-email\" autocomplete=\"email\" aria-required=\"true\" aria-invalid=\"false\" value=\"\" type=\"email\" name=\"your-email\" \/><\/span> <\/label>\n<\/p>\n<p><label> Assunto<br \/>\n<span class=\"wpcf7-form-control-wrap\" data-name=\"your-subject\"><input size=\"40\" maxlength=\"400\" class=\"wpcf7-form-control wpcf7-text wpcf7-validates-as-required\" aria-required=\"true\" aria-invalid=\"false\" value=\"\" type=\"text\" name=\"your-subject\" \/><\/span> <\/label>\n<\/p>\n<p><label> Sua mensagem (opcional)<br \/>\n<span class=\"wpcf7-form-control-wrap\" data-name=\"your-message\"><textarea cols=\"40\" rows=\"10\" maxlength=\"2000\" class=\"wpcf7-form-control wpcf7-textarea\" aria-invalid=\"false\" name=\"your-message\"><\/textarea><\/span> <\/label>\n<\/p>\n<p><input class=\"wpcf7-form-control wpcf7-submit has-spinner\" type=\"submit\" value=\"Enviar\" \/>\n<\/p><div class=\"wpcf7-response-output\" aria-hidden=\"true\"><\/div>\n<\/form>\n<\/div>\n\n<p>Todos os seus dados est\u00e3o protegidos e ser\u00e3o utilizados apenas para a intera\u00e7\u00e3o de sua mensagem.<\/p>\n<p>&nbsp;<\/p>\n<!--CusAds0-->\n<div style=\"font-size: 0px; height: 0px; line-height: 0px; margin: 0; padding: 0; clear: both;\"><\/div>","protected":false},"excerpt":{"rendered":"<p> &hellip; <\/p>\n","protected":false},"author":1,"featured_media":0,"parent":0,"menu_order":0,"comment_status":"closed","ping_status":"closed","template":"","meta":{"footnotes":""},"yoast_head":"<!-- This site is optimized with the Yoast SEO plugin v23.5 - https:\/\/yoast.com\/wordpress\/plugins\/seo\/ -->\n<title>Fale conosco -<\/title>\n<meta name=\"robots\" content=\"index, follow, max-snippet:-1, max-image-preview:large, max-video-preview:-1\" \/>\n<link rel=\"canonical\" href=\"https:\/\/tudocomcriancas.com.br\/index.php\/entre-em-contato\/\" \/>\n<meta property=\"og:locale\" content=\"pt_BR\" \/>\n<meta property=\"og:type\" content=\"article\" \/>\n<meta property=\"og:title\" content=\"Fale conosco -\" \/>\n<meta property=\"og:description\" content=\"&hellip;\" \/>\n<meta property=\"og:url\" content=\"https:\/\/tudocomcriancas.com.br\/index.php\/entre-em-contato\/\" \/>\n<meta property=\"article:modified_time\" content=\"2024-02-01T21:10:13+00:00\" \/>\n<meta name=\"twitter:card\" content=\"summary_large_image\" \/>\n<meta name=\"twitter:label1\" content=\"Est. tempo de leitura\" \/>\n\t<meta name=\"twitter:data1\" content=\"1 minuto\" \/>\n<script type=\"application\/ld+json\" class=\"yoast-schema-graph\">{\"@context\":\"https:\/\/schema.org\",\"@graph\":[{\"@type\":\"WebPage\",\"@id\":\"https:\/\/tudocomcriancas.com.br\/index.php\/entre-em-contato\/\",\"url\":\"https:\/\/tudocomcriancas.com.br\/index.php\/entre-em-contato\/\",\"name\":\"Fale conosco -\",\"isPartOf\":{\"@id\":\"https:\/\/tudocomcriancas.com.br\/#website\"},\"datePublished\":\"2024-02-01T20:49:22+00:00\",\"dateModified\":\"2024-02-01T21:10:13+00:00\",\"breadcrumb\":{\"@id\":\"https:\/\/tudocomcriancas.com.br\/index.php\/entre-em-contato\/#breadcrumb\"},\"inLanguage\":\"pt-BR\",\"potentialAction\":[{\"@type\":\"ReadAction\",\"target\":[\"https:\/\/tudocomcriancas.com.br\/index.php\/entre-em-contato\/\"]}]},{\"@type\":\"BreadcrumbList\",\"@id\":\"https:\/\/tudocomcriancas.com.br\/index.php\/entre-em-contato\/#breadcrumb\",\"itemListElement\":[{\"@type\":\"ListItem\",\"position\":1,\"name\":\"In\u00edcio\",\"item\":\"https:\/\/tudocomcriancas.com.br\/\"},{\"@type\":\"ListItem\",\"position\":2,\"name\":\"Fale conosco\"}]},{\"@type\":\"WebSite\",\"@id\":\"https:\/\/tudocomcriancas.com.br\/#website\",\"url\":\"https:\/\/tudocomcriancas.com.br\/\",\"name\":\"\",\"description\":\"\",\"potentialAction\":[{\"@type\":\"SearchAction\",\"target\":{\"@type\":\"EntryPoint\",\"urlTemplate\":\"https:\/\/tudocomcriancas.com.br\/?s={search_term_string}\"},\"query-input\":{\"@type\":\"PropertyValueSpecification\",\"valueRequired\":true,\"valueName\":\"search_term_string\"}}],\"inLanguage\":\"pt-BR\"}]}<\/script>\n<!-- \/ Yoast SEO plugin. -->","yoast_head_json":{"title":"Fale conosco -","robots":{"index":"index","follow":"follow","max-snippet":"max-snippet:-1","max-image-preview":"max-image-preview:large","max-video-preview":"max-video-preview:-1"},"canonical":"https:\/\/tudocomcriancas.com.br\/index.php\/entre-em-contato\/","og_locale":"pt_BR","og_type":"article","og_title":"Fale conosco -","og_description":"&hellip;","og_url":"https:\/\/tudocomcriancas.com.br\/index.php\/entre-em-contato\/","article_modified_time":"2024-02-01T21:10:13+00:00","twitter_card":"summary_large_image","twitter_misc":{"Est. tempo de leitura":"1 minuto"},"schema":{"@context":"https:\/\/schema.org","@graph":[{"@type":"WebPage","@id":"https:\/\/tudocomcriancas.com.br\/index.php\/entre-em-contato\/","url":"https:\/\/tudocomcriancas.com.br\/index.php\/entre-em-contato\/","name":"Fale conosco -","isPartOf":{"@id":"https:\/\/tudocomcriancas.com.br\/#website"},"datePublished":"2024-02-01T20:49:22+00:00","dateModified":"2024-02-01T21:10:13+00:00","breadcrumb":{"@id":"https:\/\/tudocomcriancas.com.br\/index.php\/entre-em-contato\/#breadcrumb"},"inLanguage":"pt-BR","potentialAction":[{"@type":"ReadAction","target":["https:\/\/tudocomcriancas.com.br\/index.php\/entre-em-contato\/"]}]},{"@type":"BreadcrumbList","@id":"https:\/\/tudocomcriancas.com.br\/index.php\/entre-em-contato\/#breadcrumb","itemListElement":[{"@type":"ListItem","position":1,"name":"In\u00edcio","item":"https:\/\/tudocomcriancas.com.br\/"},{"@type":"ListItem","position":2,"name":"Fale conosco"}]},{"@type":"WebSite","@id":"https:\/\/tudocomcriancas.com.br\/#website","url":"https:\/\/tudocomcriancas.com.br\/","name":"","description":"","potentialAction":[{"@type":"SearchAction","target":{"@type":"EntryPoint","urlTemplate":"https:\/\/tudocomcriancas.com.br\/?s={search_term_string}"},"query-input":{"@type":"PropertyValueSpecification","valueRequired":true,"valueName":"search_term_string"}}],"inLanguage":"pt-BR"}]}},"_links":{"self":[{"href":"https:\/\/tudocomcriancas.com.br\/index.php\/wp-json\/wp\/v2\/pages\/303"}],"collection":[{"href":"https:\/\/tudocomcriancas.com.br\/index.php\/wp-json\/wp\/v2\/pages"}],"about":[{"href":"https:\/\/tudocomcriancas.com.br\/index.php\/wp-json\/wp\/v2\/types\/page"}],"author":[{"embeddable":true,"href":"https:\/\/tudocomcriancas.com.br\/index.php\/wp-json\/wp\/v2\/users\/1"}],"replies":[{"embeddable":true,"href":"https:\/\/tudocomcriancas.com.br\/index.php\/wp-json\/wp\/v2\/comments?post=303"}],"version-history":[{"count":4,"href":"https:\/\/tudocomcriancas.com.br\/index.php\/wp-json\/wp\/v2\/pages\/303\/revisions"}],"predecessor-version":[{"id":310,"href":"https:\/\/tudocomcriancas.com.br\/index.php\/wp-json\/wp\/v2\/pages\/303\/revisions\/310"}],"wp:attachment":[{"href":"https:\/\/tudocomcriancas.com.br\/index.php\/wp-json\/wp\/v2\/media?parent=303"}],"curies":[{"name":"wp","href":"https:\/\/api.w.org\/{rel}","templated":true}]}}